{"id":19184,"date":"2025-08-10T18:48:13","date_gmt":"2025-08-10T18:48:13","guid":{"rendered":"https:\/\/dubaihaus.de\/?page_id=19184"},"modified":"2026-02-17T06:48:03","modified_gmt":"2026-02-17T06:48:03","slug":"off-plan-immobilien","status":"publish","type":"page","link":"https:\/\/dubaihaus.de\/en\/off-plan-immobilien\/","title":{"rendered":"Off-Plan-Immobilien"},"content":{"rendered":"\t\t<div data-elementor-type=\"wp-page\" data-elementor-id=\"19184\" class=\"elementor elementor-19184\">\n\t\t\t\t<div class=\"elementor-element elementor-element-a09efbe e-flex e-con-boxed e-con e-parent\" data-id=\"a09efbe\" data-element_type=\"container\" data-e-type=\"container\">\n\t\t\t\t\t<div class=\"e-con-inner\">\n\t\t\t\t<div class=\"elementor-element elementor-element-eff675c elementor-widget elementor-widget-text-editor\" data-id=\"eff675c\" data-element_type=\"widget\" data-e-type=\"widget\" data-widget_type=\"text-editor.default\">\n\t\t\t\t<div class=\"elementor-widget-container\">\n\t\t\t\t\t\t\t\t\t<p data-start=\"89\" data-end=\"190\">Off-Plan-Immobilien in Dubai sind Neubauprojekte, die bereits vor der Fertigstellung verkauft werden.<\/p><p data-start=\"192\" data-end=\"216\"><strong>Dies erm\u00f6glicht K\u00e4ufern:<\/strong><\/p><ul><li data-start=\"218\" data-end=\"245\">Fr\u00fchzeitige Einstiegspreise<\/li><li data-start=\"247\" data-end=\"346\">Flexible Zahlungspl\u00e4ne (oft mit einer \u00fcberschaubaren Anzahlung und Ratenzahlungen bis zur \u00dcbergabe)<\/li><li data-start=\"348\" data-end=\"393\">Eine gr\u00f6\u00dfere Auswahl an Grundrissen und Lagen<\/li><\/ul><p data-start=\"395\" data-end=\"517\"><strong>Off-Plan-Immobilien bieten moderne Ausstattungen und geringe anf\u00e4ngliche Instandhaltungskosten; f\u00fcr Investoren bieten sie:<\/strong><\/p><ul><li data-start=\"519\" data-end=\"568\">M\u00f6glichkeiten zur Wertsteigerung (Kapitalzuwachs)<\/li><li data-start=\"570\" data-end=\"612\">Hohe Mietnachfrage und attraktive Renditen<\/li><li data-start=\"614\" data-end=\"757\">Mehr Planbarkeit und Investitionssicherheit bei der Auswahl renommierter Entwickler und Projekte mit klar definierten Bau- und \u00dcbergabeterminen<\/li><\/ul>\t\t\t\t\t\t\t\t<\/div>\n\t\t\t\t<\/div>\n\t\t\t\t<div class=\"elementor-element elementor-element-6c0b80d elementor-widget elementor-widget-WpResidence_Items_List\" data-id=\"6c0b80d\" data-element_type=\"widget\" data-e-type=\"widget\" data-widget_type=\"WpResidence_Items_List.default\">\n\t\t\t\t<div class=\"elementor-widget-container\">\n\t\t\t\t\t<div id=\"wpestate_sh_anime_319\" class=\"wpresidence_shortcode_listings_wrapper wpestate_anime wpestate_latest_listings_sh bottom-estate_property \" data-type=\"estate_property\" data-category_ids=\"\" data-action_ids=\"85\" data-city_ids=\"\" data-area_ids=\"\" data-state_ids=\"\" data-status_ids=\"\" data-features_ids=\"\" data-number=\"9\" data-row-number=\"3\" data-card-version=\"\" data-align=\"vertical\" data-show_featured_only=\"no\" data-random_pick=\"no\" data-featured_first=\"no\" data-sort-by=\"0\" data-display-grid=\"No\" data-agent-id=\"\" data-page=\"1\"><div class=\"items_shortcode_wrapper row\"><span class=\"no_results\">There are no more listings.<\/span><\/div><div class=\"wpestate_listing_sh_loader\"><div class=\"new_prelader\"><\/div><\/div><div class=\"listinglink-wrapper_sh_listings exclude-rtl\"><span class=\"wpresidence_button wpestate_item_list_sh\">load more listings<\/span><\/div><\/div>\t\t\t\t<\/div>\n\t\t\t\t<\/div>\n\t\t\t\t\t<\/div>\n\t\t\t\t<\/div>\n\t\t\t\t<\/div>\n\t\t","protected":false},"excerpt":{"rendered":"<p>Off-Plan-Immobilien in Dubai sind Neubauprojekte, die bereits vor der Fertigstellung verkauft werden. Dies erm\u00f6glicht K\u00e4ufern: Fr\u00fchzeitige Einstiegspreise Flexible Zahlungspl\u00e4ne (oft mit einer \u00fcberschaubaren Anzahlung und Ratenzahlungen bis zur \u00dcbergabe) Eine gr\u00f6\u00dfere Auswahl an Grundrissen und Lagen Off-Plan-Immobilien bieten moderne Ausstattungen und geringe anf\u00e4ngliche Instandhaltungskosten; f\u00fcr Investoren bieten sie: M\u00f6glichkeiten zur Wertsteigerung (Kapitalzuwachs) Hohe Mietnachfrage und attraktive Renditen Mehr Planbarkeit und Investitionssicherheit bei der Auswahl &#8230;<\/p>\n","protected":false},"author":1,"featured_media":0,"parent":0,"menu_order":0,"comment_status":"closed","ping_status":"closed","template":"","meta":{"inline_featured_image":false,"footnotes":""},"class_list":["post-19184","page","type-page","status-publish","hentry"],"_links":{"self":[{"href":"https:\/\/dubaihaus.de\/en\/wp-json\/wp\/v2\/pages\/19184","targetHints":{"allow":["GET"]}}],"collection":[{"href":"https:\/\/dubaihaus.de\/en\/wp-json\/wp\/v2\/pages"}],"about":[{"href":"https:\/\/dubaihaus.de\/en\/wp-json\/wp\/v2\/types\/page"}],"author":[{"embeddable":true,"href":"https:\/\/dubaihaus.de\/en\/wp-json\/wp\/v2\/users\/1"}],"replies":[{"embeddable":true,"href":"https:\/\/dubaihaus.de\/en\/wp-json\/wp\/v2\/comments?post=19184"}],"version-history":[{"count":28,"href":"https:\/\/dubaihaus.de\/en\/wp-json\/wp\/v2\/pages\/19184\/revisions"}],"predecessor-version":[{"id":19518,"href":"https:\/\/dubaihaus.de\/en\/wp-json\/wp\/v2\/pages\/19184\/revisions\/19518"}],"wp:attachment":[{"href":"https:\/\/dubaihaus.de\/en\/wp-json\/wp\/v2\/media?parent=19184"}],"curies":[{"name":"wp","href":"https:\/\/api.w.org\/{rel}","templated":true}]}}